{"id":5746,"date":"2017-02-08T08:18:26","date_gmt":"2017-02-08T08:18:26","guid":{"rendered":"http:\/\/trophy.mikado-themes.com\/?page_id=5746"},"modified":"2024-10-24T23:56:34","modified_gmt":"2024-10-24T23:56:34","slug":"about-us","status":"publish","type":"page","link":"https:\/\/augmentedbrainlabs.com\/de\/about-us\/","title":{"rendered":"\u00dcber uns"},"content":{"rendered":"<div class=\"wpb-content-wrapper\"><div class=\"vc_row wpb_row vc_row-fluid mkd-section vc_custom_1729814190410 mkd-content-aligment-left mkd-grid-section\" style=\"\"><div class=\"clearfix mkd-section-inner\"><div class=\"mkd-section-inner-margin clearfix\"><div class=\"wpb_column vc_column_container vc_col-sm-12\"><div class=\"vc_column-inner\"><div class=\"wpb_wrapper\">\n\t<div class=\"wpb_text_column wpb_content_element\" >\n\t\t<div class=\"wpb_wrapper\">\n\t\t\t<h3>\u00dcber uns<\/h3>\n\n\t\t<\/div>\n\t<\/div>\n\n\t<div class=\"wpb_text_column wpb_content_element\" >\n\t\t<div class=\"wpb_wrapper\">\n\t\t\t<p><strong style=\"font-size: 1.2em;\">Unser Ziel ist es, die menschliche Intelligenz durch den Einsatz von KI zu erweitern. W\u00e4hrend viele Ans\u00e4tze darauf abzielen, autonome, menschen\u00e4hnliche Agenten zu entwickeln, konzentrieren wir uns darauf, unsere eigene Intelligenz mithilfe von KI zu verbessern.<\/strong><\/p>\n<p><strong style=\"font-size: 1.2em;\">Milliarden von Menschen betreiben verschiedene Sportarten, um ihr Leben zu bereichern und ihre k\u00f6rperliche sowie geistige Gesundheit zu f\u00f6rdern.<\/strong><\/p>\n<p><strong style=\"font-size: 1.2em;\">Unsere L\u00f6sung f\u00fcr eine erweiterte Intelligenz im Sport, der SAIVA (Sports AI Virtual Assistant), zielt darauf ab, die menschliche Intelligenz in drei wesentlichen Dimensionen zu f\u00f6rdern: kognitive, soziale und emotionale Intelligenz. Diese bahnbrechende Technologie wird zun\u00e4chst im Fu\u00dfball eingesetzt, ist jedoch bald auch in anderen Sportarten verf\u00fcgbar.<\/strong><\/p>\n\n\t\t<\/div>\n\t<\/div>\n<\/div><\/div><\/div><\/div><\/div><\/div><div class=\"vc_row wpb_row vc_row-fluid mkd-section vc_custom_1486993950089 mkd-content-aligment-left mkd-grid-section\" style=\"\"><div class=\"clearfix mkd-section-inner\"><div class=\"mkd-section-inner-margin clearfix\"><div class=\"wpb_column vc_column_container vc_col-sm-12\"><div class=\"vc_column-inner\"><div class=\"wpb_wrapper\">\n\t<div class=\"wpb_text_column wpb_content_element\" >\n\t\t<div class=\"wpb_wrapper\">\n\t\t\t<h3>Warum ist Erweiterte Intelligenz (A+I) so wichtig?<\/h3>\n\n\t\t<\/div>\n\t<\/div>\n\n\t<div class=\"wpb_text_column wpb_content_element\" >\n\t\t<div class=\"wpb_wrapper\">\n\t\t\t<p><strong style=\"font-size: 1.2em;\">Der Gro\u00dfteil der heutigen KI, die sich auf spezifische Aufgaben konzentriert, wird als \u201eschwache KI\u201c bezeichnet. Eine schnellere Verarbeitung gro\u00dfer Datenmengen bedeutet jedoch nicht automatisch ein h\u00f6heres Niveau an Intelligenz.<\/strong><\/p>\n<p><strong style=\"font-size: 1.2em;\">Die menschliche Wahrnehmung basiert auf drei wesentlichen F\u00e4higkeiten: Probleml\u00f6sung, Lernen und Ged\u00e4chtnis.<\/strong><\/p>\n<p><strong style=\"font-size: 1.2em;\">Diese F\u00e4higkeiten erm\u00f6glichen es uns, ganzheitlich zu denken und uns schrittweise an die Au\u00dfenwelt anzupassen, um reale Probleme zu l\u00f6sen.<\/strong><\/p>\n<p><strong style=\"font-size: 1.2em;\">Das bedeutet, dass wir durch die schrittweise Interaktion mit der Au\u00dfenwelt lernen und uns anpassen, um reale Probleme zu l\u00f6sen. Anschlie\u00dfend integrieren wir dieses neue Wissen nach und nach in unser Ged\u00e4chtnis.<\/strong><\/p>\n<p><strong style=\"font-size: 1.2em;\">Die aktuelle \u201eschwache KI\u201c ist nicht in der Lage, sich wie menschliche Intelligenz stetig weiter zu verbessern.<\/strong><\/p>\n<p><strong style=\"font-size: 1.2em;\">Die aktuelle \u201eschwache KI\u201c ist nicht in der Lage, sich wie menschliche Intelligenz stetig weiter zu verbessern.<\/strong><\/p>\n<p><strong style=\"font-size: 1.2em; font-weight: bold;\">Erweiterte Intelligenz (\u201eAugmented Intelligence\u201c) bedeutet, unsere eigene menschliche Intelligenz durch k\u00fcnstliche Intelligenz zu bereichern. Der Fokus liegt dabei auf der Verbesserung unserer menschlichen F\u00e4higkeiten und nicht auf der KI selbst.Unser erster Ansatz zur Entwicklung einer echten, menschen\u00e4hnlichen KI ist AIBrain\u2018s Tyche AI, bestehend aus AICORE (Adaptive Incremental Cognitive Reasoner) und Memory Graph. <\/strong><\/p>\n\n\t\t<\/div>\n\t<\/div>\n<\/div><\/div><\/div><\/div><\/div><\/div>\n<\/div>","protected":false},"excerpt":{"rendered":"About Us Our goal is to augment human intelligence with AI. While AI focuses on to create a human-like autonomous agent by itself, our focus is to improve our own intelligence with AI. Billions of us play many different sports to enjoy our lives. They...","protected":false},"author":1,"featured_media":0,"parent":0,"menu_order":0,"comment_status":"closed","ping_status":"closed","template":"full-width.php","meta":{"om_disable_all_campaigns":false,"_monsterinsights_skip_tracking":false,"_monsterinsights_sitenote_active":false,"_monsterinsights_sitenote_note":"","_monsterinsights_sitenote_category":0,"_uf_show_specific_survey":0,"_uf_disable_surveys":false,"footnotes":""},"class_list":["post-5746","page","type-page","status-publish","hentry"],"aioseo_notices":[],"_links":{"self":[{"href":"https:\/\/augmentedbrainlabs.com\/de\/wp-json\/wp\/v2\/pages\/5746","targetHints":{"allow":["GET"]}}],"collection":[{"href":"https:\/\/augmentedbrainlabs.com\/de\/wp-json\/wp\/v2\/pages"}],"about":[{"href":"https:\/\/augmentedbrainlabs.com\/de\/wp-json\/wp\/v2\/types\/page"}],"author":[{"embeddable":true,"href":"https:\/\/augmentedbrainlabs.com\/de\/wp-json\/wp\/v2\/users\/1"}],"replies":[{"embeddable":true,"href":"https:\/\/augmentedbrainlabs.com\/de\/wp-json\/wp\/v2\/comments?post=5746"}],"version-history":[{"count":10,"href":"https:\/\/augmentedbrainlabs.com\/de\/wp-json\/wp\/v2\/pages\/5746\/revisions"}],"predecessor-version":[{"id":11495,"href":"https:\/\/augmentedbrainlabs.com\/de\/wp-json\/wp\/v2\/pages\/5746\/revisions\/11495"}],"wp:attachment":[{"href":"https:\/\/augmentedbrainlabs.com\/de\/wp-json\/wp\/v2\/media?parent=5746"}],"curies":[{"name":"wp","href":"https:\/\/api.w.org\/{rel}","templated":true}]}}