{"id":11030,"date":"2024-08-30T09:40:39","date_gmt":"2024-08-30T09:40:39","guid":{"rendered":"https:\/\/saiva001.mycafe24.com\/?page_id=11030"},"modified":"2024-09-24T04:51:11","modified_gmt":"2024-09-24T04:51:11","slug":"11030-2","status":"publish","type":"page","link":"https:\/\/augmentedbrainlabs.com\/de\/11030-2\/","title":{"rendered":"Upload video"},"content":{"rendered":"<div class=\"wpb-content-wrapper\"><div class=\"vc_row wpb_row vc_row-fluid mkd-section mkd-content-aligment-left\" style=\"\"><div class=\"clearfix mkd-full-section-inner\"><div class=\"wpb_column vc_column_container vc_col-sm-12\"><div class=\"vc_column-inner\"><div class=\"wpb_wrapper\">\n\t<div class=\"wpb_text_column wpb_content_element\" >\n\t\t<div class=\"wpb_wrapper\">\n\t\t\t<style type=\"text\/css\" id=\"104\" data-form-unique-id=\"75491\" ><\/style><div class=\"arf_form ar_main_div_104 arf_form_outer_wrapper\" id=\"arffrm_104_container\"><div id=\"arf_message_error\" class=\"frm_error_style\" style=\"display:none;\"><div class=\"msg-detail\"><div class=\"msg-description-success\">Formulareinreichung ist eingeschr\u00e4nkt<\/div><\/div><\/div><div id=\"arf_message_success_popup\" style=\"display:none;\"><div class=\"msg-detail\"><div class=\"msg-description-success\">Form is successfully submitted. Thank you!<\/div><\/div><\/div><form enctype=\"multipart\/form-data\" method=\"post\" class=\"arfshowmainform\" style=\"\" data-form-id=\"form_n6xb85\"  novalidate=\"\" onsubmit=\"return arf_validate_form_submit()\" arf_form_submit = \"0\" data-id=\"75491\"  data-random-id=\"104_1Rcvl6Mtsk\"  data-submission-key=\"2TEGA1lp\"  data-key-validate=\"false\"  data-popup-id=\"\" action=\"\"><label for='arf_filter_input_104_1Rcvl6Mtsk' class='arf_hidden_element' style='color:transparent !important;'>Filter<\/label><input id='arf_filter_input_104_1Rcvl6Mtsk' type='text' name='arf_filter_input' data-jqvalidate='false' data-random-key='104_1Rcvl6Mtsk' value='' style='opacity:0 !important;display:none !important;visibility:hidden !important;' \/><input type='hidden' id='arf_ajax_url' value='https:\/\/augmentedbrainlabs.com\/wp-admin\/admin-ajax.php' \/><input type=\"hidden\" data-jqvalidate=\"false\" class=\"kpress\" value=\"\" \/><input type=\"hidden\" data-jqvalidate=\"false\" class=\"stime\" value=\"1776174212\" \/><input type=\"hidden\" data-jqvalidate=\"false\" data-id=\"nonce_start_time\" class=\"nonce_start_time\" value=\"form_filter_st\" \/><input type=\"hidden\" data-jqvalidate=\"false\" data-id=\"nonce_keyboard_press\" class=\"nonce_keyboard_press\" value=\"form_filter_kp\" \/><input type=\"hidden\" data-jqvalidate=\"false\" data-id=\"arm_nonce_check\" name=\"arm_nonce_check\" value=\"c2a058e79e\" \/><input type=\"hidden\" data-jqvalidate=\"false\" name=\"arf_redirect_url_to\" id=\"arf_redirect_url_to\" value=\"new_tab\" \/><input type=\"hidden\" data-jqvalidate=\"false\" name=\"arf_browser_name\" data-id=\"arf_browser_name\" data-version=\"unknown\" value=\"Unknown\" \/><input type=\"hidden\" data-jqvalidate=\"false\" name=\"arforms_nonce\" id=\"arforms_nonce\" value=\"b770934ea5\" \/><input type=\"hidden\" data-jqvalidate=\"false\" name=\"arf_file_token_104\" id=\"arf_file_token_104\" value=\"2qGLH3ADmF\" \/><input type=\"hidden\" data-jqvalidate=\"false\" name=\"upload_field_id_104_75491\" id=\"upload_field_id_104_75491\" value=\"\" \/><input type=\"hidden\" data-jqvalidate=\"false\" name=\"arfdecimal_separator\" data-id=\"arfdecimal_separator\" value=\".\" \/><input type=\"hidden\" data-jqvalidate=\"false\" name=\"form_key_104\" data-id=\"form_key_104\" value=\"n6xb85\" \/><input type=\"hidden\" data-jqvalidate=\"false\" name=\"arf_success_message_show_time_104\" data-id=\"arf_success_message_show_time_104\" value=\"7\" \/><input type=\"hidden\" data-jqvalidate=\"false\" name=\"arf_form_hide_after_submit_104\" data-id=\"arf_form_hide_after_submit_104\" value=\"\" \/><input type=\"hidden\" data-jqvalidate=\"false\" name=\"is_form_preview_104\" data-id=\"is_form_preview_104\" value=\"\" \/><input type=\"hidden\" data-jqvalidate=\"false\" name=\"arf_validate_outside_104\" data-id=\"arf_validate_outside_104\" data-validate=\"0\" value=\"0\" \/><input type=\"hidden\" data-jqvalidate=\"false\" name=\"arf_is_validate_outside_104\" data-id=\"arf_is_validate_outside_104\" data-validate=\"0\" value=\"0\" \/><input type=\"hidden\" data-jqvalidate=\"false\" name=\"arf_is_resetform_aftersubmit_104\" data-id=\"arf_is_resetform_aftersubmit_104\" value=\"1\" \/><input type=\"hidden\" data-jqvalidate=\"false\" name=\"arf_is_resetform_outside_104\" data-id=\"arf_is_resetform_outside_104\" value=\"0\" \/><input type=\"hidden\" data-jqvalidate=\"false\" name=\"arf_form_enable_cookie_104\" data-id=\"arf_form_enable_cookie_104\" value=\"\" \/><input type=\"hidden\" data-jqvalidate=\"false\" name=\"arf_tooltip_settings_104\" data-id=\"arf_tooltip_settings_104\" class=\"arf_front_tooltip_settings\" data-form-id=\"104\" data-color=\"#FFFFFF\" data-position=\"top\" data-width=\"\" data-bg-color=\"#000000\" \/><input type=\"hidden\" data-jqvalidate=\"false\" name=\"arfsuccessmsgposition_104\" data-id=\"arfsuccessmsgposition_104\"  value=\"top\" \/><input type=\"hidden\" data-jqvalidate=\"false\" name=\"arfpagebreakstyle_104\" data-id=\"arfpagebreakstyle_104\"  value=\"number\" \/><input type=\"hidden\" data-jqvalidate=\"false\" name=\"arfpagebreakaddtimer_104\" data-id=\"arfpagebreakaddtimer_104\" value=\"0\" \/><input type=\"hidden\" data-jqvalidate=\"false\" name=\"form_tooltip_error_104\" data-id=\"form_tooltip_error_104\" data-color=\"\" data-position=\"bottom\" value=\"advance\" \/><input type=\"hidden\" data-jqvalidate=\"false\" name=\"arfaction\" value=\"create\" \/><input type=\"hidden\" data-jqvalidate=\"false\" name=\"form_id\" data-id=\"form_id\" value=\"104\" \/><input type=\"hidden\" data-jqvalidate=\"false\" name=\"form_data_id\" data-id=\"form_data_id\" value=\"75491\" \/><input type=\"hidden\" data-jqvalidate=\"false\" name=\"form_key\" data-id=\"form_key\" value=\"n6xb85\" \/><input type=\"hidden\" data-jqvalidate=\"false\" name=\"arf_ajax_url\" value=\"https:\/\/augmentedbrainlabs.com\/wp-admin\/admin-ajax.php\" \/><input type=\"hidden\" data-jqvalidate=\"false\" name=\"form_display_type\" data-id=\"form_display_type\" value=\"0|https:\/\/augmentedbrainlabs.com\/de\/11030-2\/\" \/><input type=\"hidden\" data-jqvalidate=\"false\" name=\"form_submit_type\" data-id=\"form_submit_type\" value=\"1\" \/><input type=\"hidden\" data-jqvalidate=\"false\" name=\"arf_http_referrer_url\" data-id=\"arf_http_referrer_url\" value=\"\" \/><input type=\"hidden\" data-jqvalidate=\"false\" id=\"arf_image_directory_url_104_75491\" name=\"arf_image_directory_url\" value=\"https:\/\/augmentedbrainlabs.com\/wp-content\/plugins\/arforms\/images\" \/><input type=\"hidden\" data-jqvalidate=\"false\" name=\"arffiledragurl\" data-id=\"arffiledragurl\" value=\"https:\/\/augmentedbrainlabs.com\/wp-content\/plugins\/arforms\" \/><input type=\"hidden\" data-jqvalidate=\"false\" name=\"entry_key\" value=\"\" \/><input type=\"hidden\" data-jqvalidate=\"false\" name=\"arf_skip_captcha\" data-id=\"arf_skip_captcha\" value=\"\" \/><input type='hidden' id='arf_pb_field_animation_style_front_104' name='arf_pb_field_animation_style_front_104' value='slideInLeft' \/><input type='hidden' id='arf_pb_field_animation_duration_front_104' name='arf_pb_field_animation_duration_front_104' value='' \/><input type='hidden' id='arf_pb_field_animation_delay_front_104' name='arf_pb_field_animation_delay_front_104' value='' \/><input type='hidden' id='arf_pb_field_animation_inherit_104' name='arf_pb_field_animation_inherit_104' value='0' \/><input type='hidden' id='arf_field_animation_style_front_104' name='arf_field_animation_style_front_104' value='' \/><input type='hidden' id='arf_field_animation_duration_front_104' name='arf_field_animation_duration_front_104' value='' \/><input type='hidden' id='arf_field_animation_delay_front_104' name='arf_field_animation_delay_front_104' value='' \/><input type=\"hidden\" id=\"arf_form_site_wide_104\" value=\"\" \/><div class=\"allfields\" style=\"visibility:hidden;height:0;\"><div class=\"arf_fieldset arf_standard_form\" id=\"arf_fieldset_75491\"><div class=\"arftitlecontainer\"><div class=\"formtitle_style\">Upload Your Game Video<\/div><\/div><div id=\"page_0\" class=\"page_break\"><div id=\"arf_field_136_75491_container\" class=\"arfformfield control-group arfmainformfield  arf_horizontal_radio  arf_field_type_radio arf_display_to_confirmation_summary  top_container  top_container arfformfield  arf_field_136\"  style='width: 100%'  data-field-type=\"radio\" data-parent_field=\"0\"><label data-type=\"radio\" for=\"field_hnvxnv_75491\" class=\"arf_main_label arf_main_label_16px\" aria-label = \"\">Level<\/label><div class=\"setting_radio controls arf_standard_radio\" style=\"padding-top:5px;\"><div class=\"arf_radiobutton\"><div class='arf_radio_input_wrapper'><input type=\"radio\" name=\"item_meta[136]\" data-type=\"radio\" id=\"field_136-0-75491\" data-unique-id=\"75491\" value=\"Professional\"  checked=\"checked\"  style=\" \" \/><span><\/span><\/div><label data-type=\"radio\" for=\"field_136-0-75491\" class=\"\">Professional<\/label><\/div><div class=\"arf_radiobutton\"><div class='arf_radio_input_wrapper'><input type=\"radio\" name=\"item_meta[136]\" data-type=\"radio\" id=\"field_136-1-75491\" data-unique-id=\"75491\" value=\"Semi Pro\"   style=\" \" \/><span><\/span><\/div><label data-type=\"radio\" for=\"field_136-1-75491\" class=\"\">Semi Pro<\/label><\/div><div class=\"arf_radiobutton\"><div class='arf_radio_input_wrapper'><input type=\"radio\" name=\"item_meta[136]\" data-type=\"radio\" id=\"field_136-2-75491\" data-unique-id=\"75491\" value=\"College\"   style=\" \" \/><span><\/span><\/div><label data-type=\"radio\" for=\"field_136-2-75491\" class=\"\">College<\/label><\/div><div class=\"arf_radiobutton\"><div class='arf_radio_input_wrapper'><input type=\"radio\" name=\"item_meta[136]\" data-type=\"radio\" id=\"field_136-3-75491\" data-unique-id=\"75491\" value=\"High School\/Middle School\"   style=\" \" \/><span><\/span><\/div><label data-type=\"radio\" for=\"field_136-3-75491\" class=\"\">High School\/Middle School<\/label><\/div><div class=\"arf_radiobutton\"><div class='arf_radio_input_wrapper'><input type=\"radio\" name=\"item_meta[136]\" data-type=\"radio\" id=\"field_136-4-75491\" data-unique-id=\"75491\" value=\"Club \/ Youth\"   style=\" \" \/><span><\/span><\/div><label data-type=\"radio\" for=\"field_136-4-75491\" class=\"\">Club \/ Youth<\/label><\/div><\/div><\/div><div style=\"clear:both;\"><\/div><div id=\"arf_field_134_75491_container\" class=\"arfformfield input-field control-group arfmainformfield  arf_field_type_select arf_display_to_confirmation_summary top_container  top_container arfformfield  arf_field_134\"  style='width: 100%'  data-field-type=\"select\" data-parent_field=\"0\"><label data-type=\"select\" for=\"field_oenwqq_75491\" class=\"arf_main_label arf_main_label_16px\" aria-label = \"\">Role<\/label><div class=\"sltstandard_front controls\"  ><div class=\"arf_selectpicker_wrapper\" style=\"min-width:100px; \"><input type=\"text\" autocomplete=\"off\" class=\"arf-selectpicker-input-control  arf_dynamic_selectpicker\" id=\"field_oenwqq_75491\" name=\"item_meta[134]\" value=\"Head Coach\"  data-default-val='Head Coach'  data-field_id='134'  data-dynamic-load='arf_load_dynamic_data(134,0, 104, 75491, 0, \"\");' ><dl class=\"arf-selectpicker-control  arf_form_field_picker\" data-id=\"field_oenwqq_75491\" data-name=\"item_meta[134]\"><dt><span>Head Coach <\/span><i class=\"arf-selectpicker-caret\"><\/i><\/dt><dd><ul data-id=\"field_oenwqq_75491\" id=\"\" class=\"\"><li class=\"\" data-pos=\"0\" aria-label=\"Head Coach\"  data-value=\"Head Coach\" data-label=\"Head Coach\">Head Coach<\/li><li class=\"\" data-pos=\"1\" aria-label=\"Assistant Coach\"  data-value=\"Assistant Coach\" data-label=\"Assistant Coach\">Assistant Coach<\/li><li class=\"\" data-pos=\"2\" aria-label=\"Athlete\"  data-value=\"Athlete\" data-label=\"Athlete\">Athlete<\/li><li class=\"\" data-pos=\"3\" aria-label=\"Analyst\"  data-value=\"Analyst\" data-label=\"Analyst\">Analyst<\/li><li class=\"\" data-pos=\"4\" aria-label=\"Board Member\"  data-value=\"Board Member\" data-label=\"Board Member\">Board Member<\/li><\/ul><\/dd><\/dl><\/div><\/div><\/div><div style=\"clear:both;\"><\/div><div id=\"arf_field_135_75491_container\" class=\"arfformfield control-group arfmainformfield  arffieldrequired arf_field_type_file arf_display_to_confirmation_summary top_container  top_container arfformfield  arf_field_135\"  style='width: 100%' data-field-type=\"file\" data-parent_field=\"0\"><label data-type=\"file\"  class=\"arf_main_label arf_main_label_16px\" aria-label = \"\">Upload Your Game Video<span class=\"arfcheckrequiredfield\">*<\/span><\/label><div class=\"controls\"   ><div class=\"file_main_control\" style=\"display:inline-block; \"><div class=\"arf_file_field\" style=\"display:block;\"><div id=\"arf_reply_drag_and_drop\" class=\"arf_reply_uploader_container\"><label data-label=\"file\" for=\"field_dzahed_75491\" class=\"arfajax-file-upload-drag arf_reply_drag_file_label label_dzahed_75491\"><span id=\"arf_file_drag_reply\" class=\"arf_file_drag_reply_container\" data-id=\"field_dzahed_75491\">Drop files here or click to select<\/span><\/label><input class=\"arf_reply_drag_file\" type=\"file\"  data-max-file-upload-size=\"512M\" data-validation-required-message=\"This field cannot be blank.\" name=\"file135\" data-type=\"file\" id=\"field_dzahed_75491\" data-form-data-id=\"75491\" data-field-id=\"135\" data-form-id=\"104\" data-invalid-message=\"File is invalid\" data-is-insecure-file=\"false\"  data-insecure-file-message=\"Die Datei konnte aus Sicherheitsgr\u00fcnden nicht hochgeladen werden, da sie sch\u00e4dlichen Code enth\u00e4lt\" data-size-invalid-message=\"Invalid File Size\" data-file-valid=\"true\" style=\"visibility: hidden;float: left;margin-top: -50px;padding: 0;width: 0 ;\"  accept=\".avi, .avif, .jpg, .jpeg, .jpe, .mov, .qt, .mp4, .m4v, .mpeg, .mpg, .mpe, .webp, \"><input type=\"hidden\" data-type=\"file\" id=\"type_dzahed_75491\" name=\"type_dzahed\" value=\"0\" ><input type=\"hidden\" value=\"avi, avif, jpg|jpeg|jpe, mov|qt, mp4|m4v, mpeg|mpg|mpe, webp, \" id=\"file_types_dzahed_75491\" name=\"field_types_dzahed\" \/><input type=\"hidden\" value=\"auto\" id=\"file_size_dzahed_75491\" name=\"file_size_dzahed\" ><input type=\"hidden\" name=\"item_meta[135]\" id=\"item_meta_135\" value=\"\"><input type=\"hidden\" data-jqvalidate=\"false\" name=\"uploaded_file_name_104_75491_135\" id=\"uploaded_file_name_104_75491_135\" class=\"uploaded_field_name\" value=\"\" \/><\/div><div id=\"progress_dzahed_75491\" class=\"arfprogress progress-striped active\" style=\"margin-top: 120px;\"><div class=\"bar\" style=\"width:0%;\"><\/div><\/div><div id=\"info_dzahed_75491\" class=\"arf_info\" style=\"display:none;\"><span class=\"percent\">% Abgeschlossen<\/span><span id=\"percent\" class=\"percent\">0<\/span><\/div><\/div><div id=\"arf_multi_file_uploader_dzahed_75491\" class=\"arf_multi_file_info_container arf_file_field\" style=\"display:none; margin-top: 0px;\"><\/div><div id=\"arf_multi_file_info_dzahed_75491\" class=\"arf_multi_file_info_container arf_file_field\" style=\"display:none; margin-top: 0px;\"><\/div><\/div><div class=\"arf_field_description\"><b>Maximale Videodauer: 5 minuten<\/b> <br>Note :That a highlighted game video may not work. It's hard to analyze the game in fragments.<\/div><\/div><\/div><div style=\"clear:both;\"><\/div><div id=\"arf_field_189_75491_container\" class=\"arfformfield arf_display_to_confirmation_summary control-group arfmainformfield  arf_field_type_html  top_container  top_container arfformfield  arf_field_189\" data-field-type=\"html\" data-parent_field=\"0\" style='width: 100%'><div class=\"arf_htmlfield_control\"><h4 style=\"color:Tomato\">Please log in first to upload a file.<\/h4><\/div><\/div><div style=\"clear:both;\"><\/div><input type=\"hidden\" id=\"field_c5s3we\" name=\"item_meta[137]\" value=\"April 14, 2026\" data-running_total_id = \"\" \/><div style=\"clear:both;\"><\/div><input type=\"hidden\" id=\"field_tebwdw\" name=\"item_meta[138]\" value=\"\" data-running_total_id = \"\" \/><div style=\"clear:both;\"><\/div><input type=\"hidden\" id=\"field_29t4w3\" name=\"item_meta[139]\" value=\"0\" data-running_total_id = \"\" \/><div style=\"clear:both;\"><\/div><input type=\"hidden\" id=\"field_hll6te\" name=\"item_meta[140]\" value=\"\" data-running_total_id = \"\" \/><div style=\"clear:both;\"><\/div><div style=\"clear:both;height:1px;\">&nbsp;<\/div><\/div><!-- page_break && page_0--><div class=\"arfsubmitbutton top_container\" ><div class=\"arf_submit_div  top_container\"><input type=\"hidden\" data-jqvalidate=\"false\" value=\"1\" name=\"is_submit_form_104\" data-id=\"is_submit_form_104\" \/><input type=\"hidden\" data-jqvalidate=\"false\" value=\"0\" data-val=\"0\" data-max=\"0\" name=\"submit_form_104\" data-id=\"submit_form_104\" \/><button class=\"arf_submit_btn  arf_submit_btn_flat   btn-info arfstyle-button  unknown\"  id=\"arf_submit_btn_75491\" name=\"arf_submit_btn_75491\" data-style=\"zoom-in\"  data-arf-confirm=\"true\" data-arf-display-confirmation=\"before\" ><span class=\"arfsubmitloader\"><\/span><span class=\"arfstyle-label\">Absenden<\/span><\/button><\/div><\/div><div style=\"clear:both\"><\/div><\/div><!-- arf_fieldset --><div class='arf_confirmation_summary_wrapper arf_standard_form' data-confirmation-display='before' id='arf_confirmation_summary_wrapper_75491' style='display:none;' ><input type='hidden' id='arf_submit_form_after_confirm_75491'  value='false' \/><div class='arftitlecontainer'><div class='formtitle_style'>Upload Your Game Video<\/div><\/div><div class='arf_confirmation_summary_inner_wrapper'><\/div><div class='arfsubmitbutton arf_confirmation_summary_submit_wrapper'><input type='button' class='previous_btn arf_modify_button' data-form-id='104' data-form-unique-id='75491' value='Edit' \/><button class=\"arf_submit_btn arf_submit_btn_flat  btn-info arf_submit_after_confirm arfstyle-button  unknown\"  id=\"arf_submit_btn_75491_confirm\" name=\"arf_submit_btn_75491\" data-style=\"zoom-in\" ><span class=\"arfsubmitloader\"><\/span><span class=\"arfstyle-label\">Confirm<\/span><\/button><\/div><\/div><\/div><!-- allfields --><input type=\"hidden\" name=\"trp-form-language\" value=\"de\"\/><\/form><script type='text\/javascript' data-cfasync='false'>if(!window['arf_conditional_logic']){window['arf_conditional_logic'] = new Array();}window['arf_conditional_logic'][75491] = {\"logic\":{\"189\":{\"fields\":[{\"actionType\":\"show\",\"logicType\":\"all\",\"field_key\":\"aowce3\",\"value\":\"\",\"default_value\":\"\",\"field_type\":\"html\",\"page_no\":0,\"rules\":[{\"fieldId\":\"138\",\"operator\":\"is\",\"value\":\"\",\"fieldType\":\"hidden\",\"fieldKey\":\"\"}]},{\"actionType\":\"hide\",\"logicType\":\"all\",\"field_key\":\"aowce3\",\"value\":\"\",\"default_value\":\"\",\"field_type\":\"html\",\"page_no\":0,\"rules\":[{\"fieldId\":\"138\",\"operator\":\"is not\",\"value\":\"\",\"fieldType\":\"hidden\",\"fieldKey\":\"\"}]}]},\"submit\":{\"fields\":[{\"actionType\":\"hide\",\"logicType\":\"any\",\"field_key\":\"\",\"value\":\"\",\"default_value\":\"\",\"field_type\":\"submit\",\"page_no\":0,\"rules\":[{\"fieldId\":\"138\",\"operator\":\"is\",\"value\":\"\",\"fieldType\":\"hidden\",\"fieldKey\":\"\"}]}]}},\"dependents\":{\"189\":[189,189]},\"defaults\":[]};if(!window['arf_pages_fields']){window['arf_pages_fields'] = new Array();}window['arf_pages_fields'][75491] = [{\"field_id\":\"136\",\"field_key\":\"hnvxnv\",\"default_value\":\"Professional\",\"field_type\":\"radio\",\"page_no\":0,\"heading_id\":0,\"repeater_id\":0},{\"field_id\":\"134\",\"field_key\":\"oenwqq\",\"default_value\":\"Head Coach\",\"field_type\":\"select\",\"page_no\":0,\"heading_id\":0,\"repeater_id\":0},{\"field_id\":\"135\",\"field_key\":\"dzahed\",\"default_value\":\"\",\"field_type\":\"file\",\"page_no\":0,\"heading_id\":0,\"repeater_id\":0},{\"field_id\":\"189\",\"field_key\":\"aowce3\",\"default_value\":\"\",\"field_type\":\"html\",\"page_no\":0,\"heading_id\":0,\"repeater_id\":0}];<\/script><\/div><!--arf_form_outer_wrapper --><div class=\"brand-div\"><\/div><div class=\"\"><input type=\"hidden\" data-jqvalidate=\"false\" name=\"form_id\" data-id=\"form_id\" value=\"104\" \/><input type=\"hidden\" data-jqvalidate=\"false\" name=\"arfmainformurl\" data-id=\"arfmainformurl\" value=\"https:\/\/augmentedbrainlabs.com\/wp-content\/plugins\/arforms\" \/><\/div>\n\n\t\t<\/div>\n\t<\/div>\n<div class=\"vc_empty_space\"   style=\"height: 32px\"><span class=\"vc_empty_space_inner\"><\/span><\/div><\/div><\/div><\/div><\/div><\/div>\n<\/div>","protected":false},"excerpt":{"rendered":"Formulareinreichung ist eingeschr\u00e4nktForm is successfully submitted. Thank you!FilterUpload Your Game VideoLevelProfessionalSemi ProCollegeHigh School\/Middle SchoolClub \/ YouthRoleHead Coach Head CoachAssistant CoachAthleteAnalystBoard MemberUpload Your Game Video*Drop files here or click to select% Abgeschlossen0Upload your video with a 5 min-long continuous play. Note :That a highlighted game video...","protected":false},"author":3,"featured_media":0,"parent":0,"menu_order":0,"comment_status":"closed","ping_status":"closed","template":"","meta":{"om_disable_all_campaigns":false,"_monsterinsights_skip_tracking":false,"_monsterinsights_sitenote_active":false,"_monsterinsights_sitenote_note":"","_monsterinsights_sitenote_category":0,"_uf_show_specific_survey":0,"_uf_disable_surveys":false,"footnotes":""},"class_list":["post-11030","page","type-page","status-publish","hentry"],"aioseo_notices":[],"_links":{"self":[{"href":"https:\/\/augmentedbrainlabs.com\/de\/wp-json\/wp\/v2\/pages\/11030","targetHints":{"allow":["GET"]}}],"collection":[{"href":"https:\/\/augmentedbrainlabs.com\/de\/wp-json\/wp\/v2\/pages"}],"about":[{"href":"https:\/\/augmentedbrainlabs.com\/de\/wp-json\/wp\/v2\/types\/page"}],"author":[{"embeddable":true,"href":"https:\/\/augmentedbrainlabs.com\/de\/wp-json\/wp\/v2\/users\/3"}],"replies":[{"embeddable":true,"href":"https:\/\/augmentedbrainlabs.com\/de\/wp-json\/wp\/v2\/comments?post=11030"}],"version-history":[{"count":10,"href":"https:\/\/augmentedbrainlabs.com\/de\/wp-json\/wp\/v2\/pages\/11030\/revisions"}],"predecessor-version":[{"id":11213,"href":"https:\/\/augmentedbrainlabs.com\/de\/wp-json\/wp\/v2\/pages\/11030\/revisions\/11213"}],"wp:attachment":[{"href":"https:\/\/augmentedbrainlabs.com\/de\/wp-json\/wp\/v2\/media?parent=11030"}],"curies":[{"name":"wp","href":"https:\/\/api.w.org\/{rel}","templated":true}]}}